{"id":91,"date":"2023-01-15T11:04:06","date_gmt":"2023-01-15T10:04:06","guid":{"rendered":"https:\/\/altira.nu\/?page_id=91"},"modified":"2024-12-02T19:16:08","modified_gmt":"2024-12-02T18:16:08","slug":"vill-du-borja-tavla","status":"publish","type":"page","link":"https:\/\/altira.nu\/?page_id=91","title":{"rendered":"Vill du b\u00f6rja t\u00e4vla?"},"content":{"rendered":"\n<p><strong>Licens<\/strong><\/p>\n\n\n\n<p>F\u00f6r att t\u00e4vla kr\u00e4vs det att du har betalt t\u00e4vlingslicens och medlemsavgift till Altira. Klubbens t\u00e4vlingsansvarige heter Hel\u00e9n Brunnstr\u00f6m, mob: 072-224 00 21. Kontakta henne om du har fr\u00e5gor, eller f\u00e5r problem. Licenserna betalas av dansarna sj\u00e4lva. Kostnaden f\u00f6r t\u00e4vlingslicens \u00e4r 50 kr (l\u00e5glicens) eller 300 kr (h\u00f6glicens)<\/p>\n\n\n\n<ol class=\"wp-block-list\">\n<li>Anm\u00e4l licens p\u00e5 <a href=\"http:\/\/dans.se\/public\/comp\/\" target=\"_blank\" rel=\"noreferrer noopener\">dans.se<\/a>. P\u00e5 sidan &#8221;T\u00e4vling&#8221; v\u00e4ljer du &#8221;Mina t\u00e4vlingssidor&#8221;. Klicka p\u00e5 &#8221;F\u00f6rnya licens till \u00e5r &lt;aktuellt \u00e5r&gt;&#8221;.<\/li>\n\n\n\n<li>Betalning av licens sker via Bankgiro till DSF. Hur och vart finns i ditt besked som skickas ut via e-post.<\/li>\n\n\n\n<li>Betala \u00e5rets <a href=\"https:\/\/dans.se\/shop\/?org=altira;new;mship\" target=\"_blank\" rel=\"noreferrer noopener\">medlemsavgift<\/a>. Den \u00e5rliga kostnaden \u00e4r 200 kr\/person eller 500 kr\/familj.<\/li>\n<\/ol>\n\n\n\n<p>T\u00e4nk p\u00e5 att ordna licensen i god tid f\u00f6re t\u00e4vlingen!<\/p>\n\n\n\n<p><strong>Anm\u00e4lan till t\u00e4vling<\/strong><br>Du hittar aktuell t\u00e4vlingskalender p\u00e5 <a href=\"https:\/\/www.danssport.se\/\" target=\"_blank\" rel=\"noreferrer noopener\">Danssportf\u00f6rbundets hemsida<\/a>. Oftast m\u00e5ste man anm\u00e4la sig till t\u00e4vlingarna en m\u00e5nad i f\u00f6rv\u00e4g. Logga in p\u00e5 <a href=\"http:\/\/dans.se\/public\/comp\/\" target=\"_blank\" rel=\"noreferrer noopener\">dans.se<\/a> och anm\u00e4l er till de t\u00e4vlingar ni vill \u00e5ka p\u00e5. Kontakta t\u00e4vlingsansvarig om det uppst\u00e5r problem, t.ex. n\u00e4r nya par ska &#8221;skapas&#8221;.<\/p>\n\n\n\n<p>Kom ih\u00e5g att anm\u00e4la i god tid d\u00e5 vi helst vill slippa g\u00f6ra efteranm\u00e4lningar!<\/p>\n\n\n\n<p>Meddela samtidigt t\u00e4vlingsansvarig om du inte vill \u00e5ka &#8221;kollektivt&#8221;, (d.v.s. med klubbens transport) och ist\u00e4llet ordnar med resan sj\u00e4lv, eller om du endast kommer att \u00e5ka en v\u00e4g. Meddela ocks\u00e5 om du vill \u00f6vernatta (se under rubriken &#8221;Boende&#8221; nedan).<\/p>\n\n\n\n<p><strong>Startavgifter<\/strong><br>Den t\u00e4vlande betalar sina startavgifter. Vid efteranm\u00e4lan \u00e4r startavgiften dubbel. <\/p>\n\n\n\n<p><strong>Resor<\/strong><br>Altira uppmuntrar sam\u00e5kning enligt den resepolicy som vi hoppas alla bilf\u00f6rare f\u00f6ljer:<\/p>\n\n\n\n<p><strong>Altiras resepolicy<\/strong><\/p>\n\n\n\n<ul class=\"wp-block-list\">\n<li>Alla chauff\u00f6rer skall ha k\u00f6rkort.<\/li>\n\n\n\n<li>Du som k\u00f6r \u2013 t\u00e4nk p\u00e5 att b\u00f6rja i tid. R\u00e4kna in eventuella stopp f\u00f6r luch\/middag i restiden. H\u00e5ll hastighetsbegr\u00e4nsningarna!! G\u00f6r inga on\u00f6diga omk\u00f6rningar och ta inga on\u00f6diga risker.<\/li>\n\n\n\n<li>Avst\u00e5 alkohol, \u00e4ven kv\u00e4llen f\u00f6re resa.<\/li>\n\n\n\n<li>Bil\u00e4garen ansvarar f\u00f6r att bilen \u00e4r besiktad, att den vid behov har godk\u00e4nda vinterd\u00e4ck.<\/li>\n\n\n\n<li>T\u00e4nk p\u00e5 att Du har ansvar f\u00f6r de andra passagerarna i bilen!<\/li>\n<\/ul>\n\n\n\n<p><strong>Boende<\/strong><br>De t\u00e4vlande bekostar sj\u00e4lva sitt boende under t\u00e4vlingar. Undantag \u00e4r SM, NM och Lag-SM d\u00e5 klubben st\u00e5r f\u00f6r boendekostnaderna. Detta g\u00e4ller endast n\u00e4r man reser i Altiras regi, dvs den resa som T\u00e4vlingsansvarige bokat. V\u00e4ljer man egna alternativ f\u00f6r boende f\u00e5r man bekosta hela summan sj\u00e4lv.<\/p>\n\n\n\n<p><strong>Strykningar<\/strong><br>Meddela omedelbart om du ej kan \u00e5ka p\u00e5 t\u00e4vlingen!<\/p>\n\n\n\n<p><strong>Dopingf\u00f6rebyggande arbete<\/strong><br>Alla som t\u00e4vlar f\u00f6r Dansklubben Altira (med licens) samt tr\u00e4nare beh\u00f6ver g\u00f6ra e-utbildningen &#8221;Ren vinnare&#8221;. Detta g\u00f6r du via <a href=\"https:\/\/renvinnare.se\/\">https:\/\/renvinnare.se\/<\/a>. Dessutom rekommenderar vi att du \u00e5rligen g\u00f6r kunskapstestet i Ren vinnare f\u00f6r att repetera dina kunskaper.<\/p>\n","protected":false},"excerpt":{"rendered":"<p>Licens F\u00f6r att t\u00e4vla kr\u00e4vs det att du har betalt t\u00e4vlingslicens och medlemsavgift till Altira. Klubbens t\u00e4vlingsansvarige heter Hel\u00e9n Brunnstr\u00f6m, mob: 072-224 00 21. Kontakta henne om du har fr\u00e5gor, eller f\u00e5r problem. Licenserna betalas av dansarna sj\u00e4lva. Kostnaden f\u00f6r t\u00e4vlingslicens \u00e4r 50 kr (l\u00e5glicens) eller 300 kr (h\u00f6glicens) T\u00e4nk p\u00e5 att ordna licensen i &hellip; <a href=\"https:\/\/altira.nu\/?page_id=91\" class=\"more-link\">Forts\u00e4tt l\u00e4sa<span class=\"screen-reader-text\"> \u201dVill du b\u00f6rja t\u00e4vla?\u201d<\/span><\/a><\/p>\n","protected":false},"author":1,"featured_media":0,"parent":0,"menu_order":0,"comment_status":"closed","ping_status":"closed","template":"","meta":{"footnotes":""},"class_list":["post-91","page","type-page","status-publish","hentry"],"yoast_head":"<!-- This site is optimized with the Yoast SEO plugin v22.8 - https:\/\/yoast.com\/wordpress\/plugins\/seo\/ -->\n<title>Vill du b\u00f6rja t\u00e4vla? - Dansklubben Altira<\/title>\n<meta name=\"robots\" content=\"index, follow, max-snippet:-1, max-image-preview:large, max-video-preview:-1\" \/>\n<link rel=\"canonical\" href=\"https:\/\/altira.nu\/?page_id=91\" \/>\n<meta property=\"og:locale\" content=\"sv_SE\" \/>\n<meta property=\"og:type\" content=\"article\" \/>\n<meta property=\"og:title\" content=\"Vill du b\u00f6rja t\u00e4vla? - Dansklubben Altira\" \/>\n<meta property=\"og:description\" content=\"Licens F\u00f6r att t\u00e4vla kr\u00e4vs det att du har betalt t\u00e4vlingslicens och medlemsavgift till Altira. Klubbens t\u00e4vlingsansvarige heter Hel\u00e9n Brunnstr\u00f6m, mob: 072-224 00 21. Kontakta henne om du har fr\u00e5gor, eller f\u00e5r problem. Licenserna betalas av dansarna sj\u00e4lva. Kostnaden f\u00f6r t\u00e4vlingslicens \u00e4r 50 kr (l\u00e5glicens) eller 300 kr (h\u00f6glicens) T\u00e4nk p\u00e5 att ordna licensen i &hellip; Forts\u00e4tt l\u00e4sa \u201dVill du b\u00f6rja t\u00e4vla?\u201d\" \/>\n<meta property=\"og:url\" content=\"https:\/\/altira.nu\/?page_id=91\" \/>\n<meta property=\"og:site_name\" content=\"Dansklubben Altira\" \/>\n<meta property=\"article:modified_time\" content=\"2024-12-02T18:16:08+00:00\" \/>\n<meta name=\"twitter:card\" content=\"summary_large_image\" \/>\n<meta name=\"twitter:label1\" content=\"Ber\u00e4knad l\u00e4stid\" \/>\n\t<meta name=\"twitter:data1\" content=\"2 minuter\" \/>\n<script type=\"application\/ld+json\" class=\"yoast-schema-graph\">{\"@context\":\"https:\/\/schema.org\",\"@graph\":[{\"@type\":\"WebPage\",\"@id\":\"https:\/\/altira.nu\/?page_id=91\",\"url\":\"https:\/\/altira.nu\/?page_id=91\",\"name\":\"Vill du b\u00f6rja t\u00e4vla? - Dansklubben Altira\",\"isPartOf\":{\"@id\":\"https:\/\/altira.nu\/#website\"},\"datePublished\":\"2023-01-15T10:04:06+00:00\",\"dateModified\":\"2024-12-02T18:16:08+00:00\",\"breadcrumb\":{\"@id\":\"https:\/\/altira.nu\/?page_id=91#breadcrumb\"},\"inLanguage\":\"sv-SE\",\"potentialAction\":[{\"@type\":\"ReadAction\",\"target\":[\"https:\/\/altira.nu\/?page_id=91\"]}]},{\"@type\":\"BreadcrumbList\",\"@id\":\"https:\/\/altira.nu\/?page_id=91#breadcrumb\",\"itemListElement\":[{\"@type\":\"ListItem\",\"position\":1,\"name\":\"Home\",\"item\":\"https:\/\/altira.nu\/\"},{\"@type\":\"ListItem\",\"position\":2,\"name\":\"Vill du b\u00f6rja t\u00e4vla?\"}]},{\"@type\":\"WebSite\",\"@id\":\"https:\/\/altira.nu\/#website\",\"url\":\"https:\/\/altira.nu\/\",\"name\":\"Dansklubben Altira\",\"description\":\"\",\"potentialAction\":[{\"@type\":\"SearchAction\",\"target\":{\"@type\":\"EntryPoint\",\"urlTemplate\":\"https:\/\/altira.nu\/?s={search_term_string}\"},\"query-input\":\"required name=search_term_string\"}],\"inLanguage\":\"sv-SE\"}]}<\/script>\n<!-- \/ Yoast SEO plugin. -->","yoast_head_json":{"title":"Vill du b\u00f6rja t\u00e4vla? - Dansklubben Altira","robots":{"index":"index","follow":"follow","max-snippet":"max-snippet:-1","max-image-preview":"max-image-preview:large","max-video-preview":"max-video-preview:-1"},"canonical":"https:\/\/altira.nu\/?page_id=91","og_locale":"sv_SE","og_type":"article","og_title":"Vill du b\u00f6rja t\u00e4vla? - Dansklubben Altira","og_description":"Licens F\u00f6r att t\u00e4vla kr\u00e4vs det att du har betalt t\u00e4vlingslicens och medlemsavgift till Altira. Klubbens t\u00e4vlingsansvarige heter Hel\u00e9n Brunnstr\u00f6m, mob: 072-224 00 21. Kontakta henne om du har fr\u00e5gor, eller f\u00e5r problem. Licenserna betalas av dansarna sj\u00e4lva. Kostnaden f\u00f6r t\u00e4vlingslicens \u00e4r 50 kr (l\u00e5glicens) eller 300 kr (h\u00f6glicens) T\u00e4nk p\u00e5 att ordna licensen i &hellip; Forts\u00e4tt l\u00e4sa \u201dVill du b\u00f6rja t\u00e4vla?\u201d","og_url":"https:\/\/altira.nu\/?page_id=91","og_site_name":"Dansklubben Altira","article_modified_time":"2024-12-02T18:16:08+00:00","twitter_card":"summary_large_image","twitter_misc":{"Ber\u00e4knad l\u00e4stid":"2 minuter"},"schema":{"@context":"https:\/\/schema.org","@graph":[{"@type":"WebPage","@id":"https:\/\/altira.nu\/?page_id=91","url":"https:\/\/altira.nu\/?page_id=91","name":"Vill du b\u00f6rja t\u00e4vla? - Dansklubben Altira","isPartOf":{"@id":"https:\/\/altira.nu\/#website"},"datePublished":"2023-01-15T10:04:06+00:00","dateModified":"2024-12-02T18:16:08+00:00","breadcrumb":{"@id":"https:\/\/altira.nu\/?page_id=91#breadcrumb"},"inLanguage":"sv-SE","potentialAction":[{"@type":"ReadAction","target":["https:\/\/altira.nu\/?page_id=91"]}]},{"@type":"BreadcrumbList","@id":"https:\/\/altira.nu\/?page_id=91#breadcrumb","itemListElement":[{"@type":"ListItem","position":1,"name":"Home","item":"https:\/\/altira.nu\/"},{"@type":"ListItem","position":2,"name":"Vill du b\u00f6rja t\u00e4vla?"}]},{"@type":"WebSite","@id":"https:\/\/altira.nu\/#website","url":"https:\/\/altira.nu\/","name":"Dansklubben Altira","description":"","potentialAction":[{"@type":"SearchAction","target":{"@type":"EntryPoint","urlTemplate":"https:\/\/altira.nu\/?s={search_term_string}"},"query-input":"required name=search_term_string"}],"inLanguage":"sv-SE"}]}},"_links":{"self":[{"href":"https:\/\/altira.nu\/index.php?rest_route=\/wp\/v2\/pages\/91","targetHints":{"allow":["GET"]}}],"collection":[{"href":"https:\/\/altira.nu\/index.php?rest_route=\/wp\/v2\/pages"}],"about":[{"href":"https:\/\/altira.nu\/index.php?rest_route=\/wp\/v2\/types\/page"}],"author":[{"embeddable":true,"href":"https:\/\/altira.nu\/index.php?rest_route=\/wp\/v2\/users\/1"}],"replies":[{"embeddable":true,"href":"https:\/\/altira.nu\/index.php?rest_route=%2Fwp%2Fv2%2Fcomments&post=91"}],"version-history":[{"count":6,"href":"https:\/\/altira.nu\/index.php?rest_route=\/wp\/v2\/pages\/91\/revisions"}],"predecessor-version":[{"id":312,"href":"https:\/\/altira.nu\/index.php?rest_route=\/wp\/v2\/pages\/91\/revisions\/312"}],"wp:attachment":[{"href":"https:\/\/altira.nu\/index.php?rest_route=%2Fwp%2Fv2%2Fmedia&parent=91"}],"curies":[{"name":"wp","href":"https:\/\/api.w.org\/{rel}","templated":true}]}}