{"id":335,"date":"2025-04-28T10:19:49","date_gmt":"2025-04-28T08:19:49","guid":{"rendered":"https:\/\/altira.nu\/?page_id=335"},"modified":"2025-04-28T10:25:59","modified_gmt":"2025-04-28T08:25:59","slug":"boka-lokal-tavlingstraningstid","status":"publish","type":"page","link":"https:\/\/altira.nu\/?page_id=335","title":{"rendered":"Boka lokal &#8211; T\u00e4vlingstr\u00e4ningstid"},"content":{"rendered":"\n<p>Som t\u00e4vlande g\u00e5r det att boka lilla danssalen f\u00f6r tr\u00e4ning inf\u00f6r t\u00e4vling och vid behov. Detta f\u00f6r att skapa f\u00f6ruts\u00e4ttningar f\u00f6r Altiras t\u00e4vlande att tr\u00e4na fokuserat och k\u00e4nna sig redo inf\u00f6r t\u00e4vling. Bokning sker enligt f\u00f6ljande riktlinjer:<\/p>\n\n\n\n<p>\u2022 Bokning sker i syfte att tr\u00e4na inf\u00f6r t\u00e4vling och vid behov f\u00f6r t\u00e4vlande<\/p>\n\n\n\n<p>\u2022 Meddela \u00f6nskem\u00e5l till representant f\u00f6r t\u00e4vlande (Mats Bengtsson) om bokning en vecka innan.<\/p>\n\n\n\n<p>\u2022 Max 3h per tillf\u00e4lle<\/p>\n\n\n\n<p>\u2022 Cirka 3\u20134 tillf\u00e4llen per termin<\/p>\n\n\n\n<p>\u2022 Bokningen i kalendern ben\u00e4mns \u201dT\u00e4vlande\/avancerad niv\u00e5\u201d &#8211; \u00f6ppet f\u00f6r dig som beh\u00e4rskar niv\u00e5n.<\/p>\n\n\n\n<p>\u2022 \u00d6nskem\u00e5l om musik\/bpm-niv\u00e5 l\u00e4mnas inf\u00f6r\/i b\u00f6rjan av tr\u00e4ningspasset och f\u00f6ljs enligt \u00f6verenskommelse (kom i tid).<\/p>\n\n\n\n<p>\u2022 Coachning sker till par under tiden musiken p\u00e5g\u00e5r. Undantag kan g\u00f6ras om hela gruppen, som deltar vid tillf\u00e4llet, ber\u00f6rs av coachningen.<\/p>\n\n\n\n<p>\u2022 Bokning avser lilla lokalen &#8211; stora lokalen \u00e4r \u00f6ppen f\u00f6r fri tr\u00e4ning.<\/p>\n\n\n\n<p>Bokning i kalendern sker av representant f\u00f6r t\u00e4vlande (Mats Bengtsson). De som kommer till en bokad t\u00e4vlingstr\u00e4ningstid ska ha m\u00f6jlighet att komma med \u00f6nskem\u00e5l om musik &#8211; t e x bpm-niv\u00e5. Detta f\u00f6r att markera att det \u00e4r en \u00f6ppen tr\u00e4ningstid f\u00f6r <em>alla<\/em> t\u00e4vlingsdansare och att <em>alla<\/em> ska k\u00e4nna sig inkluderade.<\/p>\n\n\n\n<p><em>Undantag: &nbsp;<\/em>Om tv\u00e5 t\u00e4vlande grupper\/discipliner har behov av en bokad tr\u00e4ningstid samma dag och tid. Kan b\u00e5da lokalerna bli bokade samtidigt. Detta sker i undantagsfall och beslut ska ske tillsammans med kurskommitt\u00e9n.<\/p>\n\n\n\n<p><em>Riktlinjen att boka lokal f\u00f6r t\u00e4vlingstr\u00e4ningstid \u00e4r ett test med start VT2025 och kan komma att revideras.<\/em><\/p>\n","protected":false},"excerpt":{"rendered":"<p>Som t\u00e4vlande g\u00e5r det att boka lilla danssalen f\u00f6r tr\u00e4ning inf\u00f6r t\u00e4vling och vid behov. Detta f\u00f6r att skapa f\u00f6ruts\u00e4ttningar f\u00f6r Altiras t\u00e4vlande att tr\u00e4na fokuserat och k\u00e4nna sig redo inf\u00f6r t\u00e4vling. Bokning sker enligt f\u00f6ljande riktlinjer: \u2022 Bokning sker i syfte att tr\u00e4na inf\u00f6r t\u00e4vling och vid behov f\u00f6r t\u00e4vlande \u2022 Meddela \u00f6nskem\u00e5l till &hellip; <a href=\"https:\/\/altira.nu\/?page_id=335\" class=\"more-link\">Forts\u00e4tt l\u00e4sa<span class=\"screen-reader-text\"> \u201dBoka lokal &#8211; T\u00e4vlingstr\u00e4ningstid\u201d<\/span><\/a><\/p>\n","protected":false},"author":1,"featured_media":0,"parent":28,"menu_order":1,"comment_status":"closed","ping_status":"closed","template":"","meta":{"footnotes":""},"class_list":["post-335","page","type-page","status-publish","hentry"],"yoast_head":"<!-- This site is optimized with the Yoast SEO plugin v22.8 - https:\/\/yoast.com\/wordpress\/plugins\/seo\/ -->\n<title>Boka lokal - T\u00e4vlingstr\u00e4ningstid - Dansklubben Altira<\/title>\n<meta name=\"robots\" content=\"index, follow, max-snippet:-1, max-image-preview:large, max-video-preview:-1\" \/>\n<link rel=\"canonical\" href=\"https:\/\/altira.nu\/?page_id=335\" \/>\n<meta property=\"og:locale\" content=\"sv_SE\" \/>\n<meta property=\"og:type\" content=\"article\" \/>\n<meta property=\"og:title\" content=\"Boka lokal - T\u00e4vlingstr\u00e4ningstid - Dansklubben Altira\" \/>\n<meta property=\"og:description\" content=\"Som t\u00e4vlande g\u00e5r det att boka lilla danssalen f\u00f6r tr\u00e4ning inf\u00f6r t\u00e4vling och vid behov. Detta f\u00f6r att skapa f\u00f6ruts\u00e4ttningar f\u00f6r Altiras t\u00e4vlande att tr\u00e4na fokuserat och k\u00e4nna sig redo inf\u00f6r t\u00e4vling. Bokning sker enligt f\u00f6ljande riktlinjer: \u2022 Bokning sker i syfte att tr\u00e4na inf\u00f6r t\u00e4vling och vid behov f\u00f6r t\u00e4vlande \u2022 Meddela \u00f6nskem\u00e5l till &hellip; Forts\u00e4tt l\u00e4sa \u201dBoka lokal &#8211; T\u00e4vlingstr\u00e4ningstid\u201d\" \/>\n<meta property=\"og:url\" content=\"https:\/\/altira.nu\/?page_id=335\" \/>\n<meta property=\"og:site_name\" content=\"Dansklubben Altira\" \/>\n<meta property=\"article:modified_time\" content=\"2025-04-28T08:25:59+00:00\" \/>\n<meta name=\"twitter:card\" content=\"summary_large_image\" \/>\n<meta name=\"twitter:label1\" content=\"Ber\u00e4knad l\u00e4stid\" \/>\n\t<meta name=\"twitter:data1\" content=\"2 minuter\" \/>\n<script type=\"application\/ld+json\" class=\"yoast-schema-graph\">{\"@context\":\"https:\/\/schema.org\",\"@graph\":[{\"@type\":\"WebPage\",\"@id\":\"https:\/\/altira.nu\/?page_id=335\",\"url\":\"https:\/\/altira.nu\/?page_id=335\",\"name\":\"Boka lokal - T\u00e4vlingstr\u00e4ningstid - Dansklubben Altira\",\"isPartOf\":{\"@id\":\"https:\/\/altira.nu\/#website\"},\"datePublished\":\"2025-04-28T08:19:49+00:00\",\"dateModified\":\"2025-04-28T08:25:59+00:00\",\"breadcrumb\":{\"@id\":\"https:\/\/altira.nu\/?page_id=335#breadcrumb\"},\"inLanguage\":\"sv-SE\",\"potentialAction\":[{\"@type\":\"ReadAction\",\"target\":[\"https:\/\/altira.nu\/?page_id=335\"]}]},{\"@type\":\"BreadcrumbList\",\"@id\":\"https:\/\/altira.nu\/?page_id=335#breadcrumb\",\"itemListElement\":[{\"@type\":\"ListItem\",\"position\":1,\"name\":\"Home\",\"item\":\"https:\/\/altira.nu\/\"},{\"@type\":\"ListItem\",\"position\":2,\"name\":\"T\u00e4vling\",\"item\":\"https:\/\/altira.nu\/?page_id=28\"},{\"@type\":\"ListItem\",\"position\":3,\"name\":\"Boka lokal &#8211; T\u00e4vlingstr\u00e4ningstid\"}]},{\"@type\":\"WebSite\",\"@id\":\"https:\/\/altira.nu\/#website\",\"url\":\"https:\/\/altira.nu\/\",\"name\":\"Dansklubben Altira\",\"description\":\"\",\"potentialAction\":[{\"@type\":\"SearchAction\",\"target\":{\"@type\":\"EntryPoint\",\"urlTemplate\":\"https:\/\/altira.nu\/?s={search_term_string}\"},\"query-input\":\"required name=search_term_string\"}],\"inLanguage\":\"sv-SE\"}]}<\/script>\n<!-- \/ Yoast SEO plugin. -->","yoast_head_json":{"title":"Boka lokal - T\u00e4vlingstr\u00e4ningstid - Dansklubben Altira","robots":{"index":"index","follow":"follow","max-snippet":"max-snippet:-1","max-image-preview":"max-image-preview:large","max-video-preview":"max-video-preview:-1"},"canonical":"https:\/\/altira.nu\/?page_id=335","og_locale":"sv_SE","og_type":"article","og_title":"Boka lokal - T\u00e4vlingstr\u00e4ningstid - Dansklubben Altira","og_description":"Som t\u00e4vlande g\u00e5r det att boka lilla danssalen f\u00f6r tr\u00e4ning inf\u00f6r t\u00e4vling och vid behov. Detta f\u00f6r att skapa f\u00f6ruts\u00e4ttningar f\u00f6r Altiras t\u00e4vlande att tr\u00e4na fokuserat och k\u00e4nna sig redo inf\u00f6r t\u00e4vling. Bokning sker enligt f\u00f6ljande riktlinjer: \u2022 Bokning sker i syfte att tr\u00e4na inf\u00f6r t\u00e4vling och vid behov f\u00f6r t\u00e4vlande \u2022 Meddela \u00f6nskem\u00e5l till &hellip; Forts\u00e4tt l\u00e4sa \u201dBoka lokal &#8211; T\u00e4vlingstr\u00e4ningstid\u201d","og_url":"https:\/\/altira.nu\/?page_id=335","og_site_name":"Dansklubben Altira","article_modified_time":"2025-04-28T08:25:59+00:00","twitter_card":"summary_large_image","twitter_misc":{"Ber\u00e4knad l\u00e4stid":"2 minuter"},"schema":{"@context":"https:\/\/schema.org","@graph":[{"@type":"WebPage","@id":"https:\/\/altira.nu\/?page_id=335","url":"https:\/\/altira.nu\/?page_id=335","name":"Boka lokal - T\u00e4vlingstr\u00e4ningstid - Dansklubben Altira","isPartOf":{"@id":"https:\/\/altira.nu\/#website"},"datePublished":"2025-04-28T08:19:49+00:00","dateModified":"2025-04-28T08:25:59+00:00","breadcrumb":{"@id":"https:\/\/altira.nu\/?page_id=335#breadcrumb"},"inLanguage":"sv-SE","potentialAction":[{"@type":"ReadAction","target":["https:\/\/altira.nu\/?page_id=335"]}]},{"@type":"BreadcrumbList","@id":"https:\/\/altira.nu\/?page_id=335#breadcrumb","itemListElement":[{"@type":"ListItem","position":1,"name":"Home","item":"https:\/\/altira.nu\/"},{"@type":"ListItem","position":2,"name":"T\u00e4vling","item":"https:\/\/altira.nu\/?page_id=28"},{"@type":"ListItem","position":3,"name":"Boka lokal &#8211; T\u00e4vlingstr\u00e4ningstid"}]},{"@type":"WebSite","@id":"https:\/\/altira.nu\/#website","url":"https:\/\/altira.nu\/","name":"Dansklubben Altira","description":"","potentialAction":[{"@type":"SearchAction","target":{"@type":"EntryPoint","urlTemplate":"https:\/\/altira.nu\/?s={search_term_string}"},"query-input":"required name=search_term_string"}],"inLanguage":"sv-SE"}]}},"_links":{"self":[{"href":"https:\/\/altira.nu\/index.php?rest_route=\/wp\/v2\/pages\/335","targetHints":{"allow":["GET"]}}],"collection":[{"href":"https:\/\/altira.nu\/index.php?rest_route=\/wp\/v2\/pages"}],"about":[{"href":"https:\/\/altira.nu\/index.php?rest_route=\/wp\/v2\/types\/page"}],"author":[{"embeddable":true,"href":"https:\/\/altira.nu\/index.php?rest_route=\/wp\/v2\/users\/1"}],"replies":[{"embeddable":true,"href":"https:\/\/altira.nu\/index.php?rest_route=%2Fwp%2Fv2%2Fcomments&post=335"}],"version-history":[{"count":1,"href":"https:\/\/altira.nu\/index.php?rest_route=\/wp\/v2\/pages\/335\/revisions"}],"predecessor-version":[{"id":337,"href":"https:\/\/altira.nu\/index.php?rest_route=\/wp\/v2\/pages\/335\/revisions\/337"}],"up":[{"embeddable":true,"href":"https:\/\/altira.nu\/index.php?rest_route=\/wp\/v2\/pages\/28"}],"wp:attachment":[{"href":"https:\/\/altira.nu\/index.php?rest_route=%2Fwp%2Fv2%2Fmedia&parent=335"}],"curies":[{"name":"wp","href":"https:\/\/api.w.org\/{rel}","templated":true}]}}