{"id":242,"date":"2024-01-20T23:06:15","date_gmt":"2024-01-20T22:06:15","guid":{"rendered":"https:\/\/altira.nu\/?page_id=242"},"modified":"2024-04-21T07:58:42","modified_gmt":"2024-04-21T05:58:42","slug":"handledning-for-att-skapa-en-intern-aktivitet","status":"publish","type":"page","link":"https:\/\/altira.nu\/?page_id=242","title":{"rendered":"Genomf\u00f6r en kurs\/workshop"},"content":{"rendered":"\n<p>Superkul att du vill engagera dig och anordna ett evenemang i Altira! Allt i Altira g\u00f6rs av medlemmar f\u00f6r medlemmar och ditt bidrag \u00e4r v\u00e4rdefullt.<\/p>\n\n\n\n<p>Det finns n\u00e5gra saker du beh\u00f6ver g\u00f6ra och veta f\u00f6r att anordna ett evenemang p\u00e5 Altira. Workshops\/kurser ska sakna eller ha ytterst blygsamma kostnader f\u00f6r Altira. Den som genomf\u00f6r aktiviteten g\u00f6r det p\u00e5 ideell bas. Lokaluthyrning och kurs med extern betald instrukt\u00f6r \u00e4r exempel som inte \u00e4r &#8221;Intern aktivitet som drivs och genomf\u00f6rs av medlemmar&#8221;. Vill du arrangera ett st\u00f6rre evenemang s\u00e5 kontaktar du styrelsen@altira.nu f\u00f6r hj\u00e4lp med rutiner kring det praktiska.<\/p>\n\n\n\n<p><\/p>\n\n\n\n<h2 class=\"wp-block-heading\">Kontrollera kalendern<\/h2>\n\n\n\n<div>\n                <p><iframe loading=\"lazy\" frameborder=\"0\" height=\"270\" scrolling=\"no\" src=\"https:\/\/www.google.com\/calendar\/embed?showTitle=0&amp;showNav=0&amp;showDate=0&amp;showPrint=0&amp;showTabs=0&amp;showCalendars=0&amp;showTz=0&amp;mode=AGENDA&amp;height=280&amp;wkst=2&amp;bgcolor=%23FFFFFF&amp;src=dansklubbenaltira%40gmail.com&amp;color=%238D6F47&amp;ctz=Europe%2FStockholm\" style=\"border-width: 0;\" width=\"370\"><\/iframe><\/p>\n            <\/div>\n\n\n\n<p>Kalendern ovan \u00e4r Altiras oficiella bokningskalender. Kontrollera d\u00e4r att det datum du t\u00e4nkt \u00e4r ledigt och inte har n\u00e5gon bokning.<\/p>\n\n\n\n<h2 class=\"wp-block-heading\">Maila kurskommiten<\/h2>\n\n\n\n<p>Du beh\u00f6ver skicka ett mail med information till Kurskommiten p\u00e5 kurs@altira.nu<br>Mailet beh\u00f6ver inneh\u00e5lla f\u00f6ljande information.<\/p>\n\n\n\n<ol class=\"wp-block-list\">\n<li>Beskriv kort aktiviteten f\u00f6r kurskommiten. Vilken dans ska dansas och vad g\u00e5r aktiviteten ut p\u00e5. <\/li>\n\n\n\n<li>N\u00e4r vill du h\u00e5lla aktiviteten. Skriv datum och tider. Fundera \u00f6ver om du beh\u00f6ver hela lokalen, eller endast stora\/lilla salen samt om det beh\u00f6ver l\u00e4ggas in tid f\u00f6r f\u00f6rberedelser och st\u00e4daktiviteter. T\u00e4nk p\u00e5 att de som anv\u00e4nder lokalen f\u00f6r tr\u00e4ning f\u00f6rv\u00e4ntar sig att kunna tr\u00e4na fram till den angivna starttiden\/fr\u00e5n den angivna sluttiden.<\/li>\n\n\n\n<li>Skriv vad du tycker att aktiviteten ska kosta? J\u00e4mf\u00f6r med liknande aktiviteter p\u00e5 Altiras utbud.<\/li>\n\n\n\n<li>Skriv om du tycker att aktiviteten ska undantas fr\u00e5n krav p\u00e5 medlemskap och i s\u00e5 fall varf\u00f6r. Exempel p\u00e5 n\u00e4r detta kan beh\u00f6vas \u00e4r n\u00e4r l\u00e5ngv\u00e4ga inresta bes\u00f6kare v\u00e4ntas eller aktiviteten riktar sig mot en helt ny m\u00e5lgrupp som inte finns inom Altiras verksamhet.<\/li>\n\n\n\n<li>Komponera en text som du vill ska visas n\u00e4r deltagare tittar p\u00e5 information om och anm\u00e4ler sig till aktiviteten. Denna text kan kompletteras eller redigeras innan den publiceras.<\/li>\n\n\n\n<li>Bifoga en bild som Altira kan anv\u00e4nda till att marknadsf\u00f6ra aktiviteten. Bilden b\u00f6r vara ganska h\u00f6guppl\u00f6st och i bra kvalitet. <strong>Viktigt att det \u00e4r en bild du tagit sj\u00e4lv och som du har r\u00e4ttigheter att anv\u00e4nda<\/strong>. Bilden kan besk\u00e4ras f\u00f6r att hamna i ett l\u00e4mpligt format f\u00f6r t.ex. event p\u00e5 Facebook.<\/li>\n<\/ol>\n\n\n\n<p>Sammanfatta samtlig information i ett mail till kurs@altira.nu och kurskommiten kommer att meddela om aktiviteten kan anordnas eller ej.<\/p>\n\n\n\n<h2 class=\"wp-block-heading\">Genomf\u00f6r aktiviteten<\/h2>\n\n\n\n<p>Tillg\u00e5ng till lokalen. Har du aldrig nyttjat Altiras lokal s\u00e5 beh\u00f6ver du en introduktion av uppl\u00e5sning, regler ljudanl\u00e4ggning mm. L\u00e4mpligt \u00e4r att kontakta n\u00e5gon som du vet har den kunskapen. Kanske finns det deltagare p\u00e5 aktiviteten som l\u00f6st tr\u00e4ningsavgift och redan nyttjar lokalen sj\u00e4lvst\u00e4ndigt som kan hj\u00e4lpa dig?<\/p>\n","protected":false},"excerpt":{"rendered":"<p>Superkul att du vill engagera dig och anordna ett evenemang i Altira! Allt i Altira g\u00f6rs av medlemmar f\u00f6r medlemmar och ditt bidrag \u00e4r v\u00e4rdefullt. Det finns n\u00e5gra saker du beh\u00f6ver g\u00f6ra och veta f\u00f6r att anordna ett evenemang p\u00e5 Altira. Workshops\/kurser ska sakna eller ha ytterst blygsamma kostnader f\u00f6r Altira. Den som genomf\u00f6r aktiviteten &hellip; <a href=\"https:\/\/altira.nu\/?page_id=242\" class=\"more-link\">Forts\u00e4tt l\u00e4sa<span class=\"screen-reader-text\"> \u201dGenomf\u00f6r en kurs\/workshop\u201d<\/span><\/a><\/p>\n","protected":false},"author":1,"featured_media":0,"parent":0,"menu_order":0,"comment_status":"closed","ping_status":"closed","template":"","meta":{"footnotes":""},"class_list":["post-242","page","type-page","status-publish","hentry"],"yoast_head":"<!-- This site is optimized with the Yoast SEO plugin v22.8 - https:\/\/yoast.com\/wordpress\/plugins\/seo\/ -->\n<title>Genomf\u00f6r en kurs\/workshop - Dansklubben Altira<\/title>\n<meta name=\"robots\" content=\"index, follow, max-snippet:-1, max-image-preview:large, max-video-preview:-1\" \/>\n<link rel=\"canonical\" href=\"https:\/\/altira.nu\/?page_id=242\" \/>\n<meta property=\"og:locale\" content=\"sv_SE\" \/>\n<meta property=\"og:type\" content=\"article\" \/>\n<meta property=\"og:title\" content=\"Genomf\u00f6r en kurs\/workshop - Dansklubben Altira\" \/>\n<meta property=\"og:description\" content=\"Superkul att du vill engagera dig och anordna ett evenemang i Altira! Allt i Altira g\u00f6rs av medlemmar f\u00f6r medlemmar och ditt bidrag \u00e4r v\u00e4rdefullt. Det finns n\u00e5gra saker du beh\u00f6ver g\u00f6ra och veta f\u00f6r att anordna ett evenemang p\u00e5 Altira. Workshops\/kurser ska sakna eller ha ytterst blygsamma kostnader f\u00f6r Altira. Den som genomf\u00f6r aktiviteten &hellip; Forts\u00e4tt l\u00e4sa \u201dGenomf\u00f6r en kurs\/workshop\u201d\" \/>\n<meta property=\"og:url\" content=\"https:\/\/altira.nu\/?page_id=242\" \/>\n<meta property=\"og:site_name\" content=\"Dansklubben Altira\" \/>\n<meta property=\"article:modified_time\" content=\"2024-04-21T05:58:42+00:00\" \/>\n<meta name=\"twitter:card\" content=\"summary_large_image\" \/>\n<meta name=\"twitter:label1\" content=\"Ber\u00e4knad l\u00e4stid\" \/>\n\t<meta name=\"twitter:data1\" content=\"3 minuter\" \/>\n<script type=\"application\/ld+json\" class=\"yoast-schema-graph\">{\"@context\":\"https:\/\/schema.org\",\"@graph\":[{\"@type\":\"WebPage\",\"@id\":\"https:\/\/altira.nu\/?page_id=242\",\"url\":\"https:\/\/altira.nu\/?page_id=242\",\"name\":\"Genomf\u00f6r en kurs\/workshop - Dansklubben Altira\",\"isPartOf\":{\"@id\":\"https:\/\/altira.nu\/#website\"},\"datePublished\":\"2024-01-20T22:06:15+00:00\",\"dateModified\":\"2024-04-21T05:58:42+00:00\",\"breadcrumb\":{\"@id\":\"https:\/\/altira.nu\/?page_id=242#breadcrumb\"},\"inLanguage\":\"sv-SE\",\"potentialAction\":[{\"@type\":\"ReadAction\",\"target\":[\"https:\/\/altira.nu\/?page_id=242\"]}]},{\"@type\":\"BreadcrumbList\",\"@id\":\"https:\/\/altira.nu\/?page_id=242#breadcrumb\",\"itemListElement\":[{\"@type\":\"ListItem\",\"position\":1,\"name\":\"Home\",\"item\":\"https:\/\/altira.nu\/\"},{\"@type\":\"ListItem\",\"position\":2,\"name\":\"Genomf\u00f6r en kurs\/workshop\"}]},{\"@type\":\"WebSite\",\"@id\":\"https:\/\/altira.nu\/#website\",\"url\":\"https:\/\/altira.nu\/\",\"name\":\"Dansklubben Altira\",\"description\":\"\",\"potentialAction\":[{\"@type\":\"SearchAction\",\"target\":{\"@type\":\"EntryPoint\",\"urlTemplate\":\"https:\/\/altira.nu\/?s={search_term_string}\"},\"query-input\":\"required name=search_term_string\"}],\"inLanguage\":\"sv-SE\"}]}<\/script>\n<!-- \/ Yoast SEO plugin. -->","yoast_head_json":{"title":"Genomf\u00f6r en kurs\/workshop - Dansklubben Altira","robots":{"index":"index","follow":"follow","max-snippet":"max-snippet:-1","max-image-preview":"max-image-preview:large","max-video-preview":"max-video-preview:-1"},"canonical":"https:\/\/altira.nu\/?page_id=242","og_locale":"sv_SE","og_type":"article","og_title":"Genomf\u00f6r en kurs\/workshop - Dansklubben Altira","og_description":"Superkul att du vill engagera dig och anordna ett evenemang i Altira! Allt i Altira g\u00f6rs av medlemmar f\u00f6r medlemmar och ditt bidrag \u00e4r v\u00e4rdefullt. Det finns n\u00e5gra saker du beh\u00f6ver g\u00f6ra och veta f\u00f6r att anordna ett evenemang p\u00e5 Altira. Workshops\/kurser ska sakna eller ha ytterst blygsamma kostnader f\u00f6r Altira. Den som genomf\u00f6r aktiviteten &hellip; Forts\u00e4tt l\u00e4sa \u201dGenomf\u00f6r en kurs\/workshop\u201d","og_url":"https:\/\/altira.nu\/?page_id=242","og_site_name":"Dansklubben Altira","article_modified_time":"2024-04-21T05:58:42+00:00","twitter_card":"summary_large_image","twitter_misc":{"Ber\u00e4knad l\u00e4stid":"3 minuter"},"schema":{"@context":"https:\/\/schema.org","@graph":[{"@type":"WebPage","@id":"https:\/\/altira.nu\/?page_id=242","url":"https:\/\/altira.nu\/?page_id=242","name":"Genomf\u00f6r en kurs\/workshop - Dansklubben Altira","isPartOf":{"@id":"https:\/\/altira.nu\/#website"},"datePublished":"2024-01-20T22:06:15+00:00","dateModified":"2024-04-21T05:58:42+00:00","breadcrumb":{"@id":"https:\/\/altira.nu\/?page_id=242#breadcrumb"},"inLanguage":"sv-SE","potentialAction":[{"@type":"ReadAction","target":["https:\/\/altira.nu\/?page_id=242"]}]},{"@type":"BreadcrumbList","@id":"https:\/\/altira.nu\/?page_id=242#breadcrumb","itemListElement":[{"@type":"ListItem","position":1,"name":"Home","item":"https:\/\/altira.nu\/"},{"@type":"ListItem","position":2,"name":"Genomf\u00f6r en kurs\/workshop"}]},{"@type":"WebSite","@id":"https:\/\/altira.nu\/#website","url":"https:\/\/altira.nu\/","name":"Dansklubben Altira","description":"","potentialAction":[{"@type":"SearchAction","target":{"@type":"EntryPoint","urlTemplate":"https:\/\/altira.nu\/?s={search_term_string}"},"query-input":"required name=search_term_string"}],"inLanguage":"sv-SE"}]}},"_links":{"self":[{"href":"https:\/\/altira.nu\/index.php?rest_route=\/wp\/v2\/pages\/242","targetHints":{"allow":["GET"]}}],"collection":[{"href":"https:\/\/altira.nu\/index.php?rest_route=\/wp\/v2\/pages"}],"about":[{"href":"https:\/\/altira.nu\/index.php?rest_route=\/wp\/v2\/types\/page"}],"author":[{"embeddable":true,"href":"https:\/\/altira.nu\/index.php?rest_route=\/wp\/v2\/users\/1"}],"replies":[{"embeddable":true,"href":"https:\/\/altira.nu\/index.php?rest_route=%2Fwp%2Fv2%2Fcomments&post=242"}],"version-history":[{"count":5,"href":"https:\/\/altira.nu\/index.php?rest_route=\/wp\/v2\/pages\/242\/revisions"}],"predecessor-version":[{"id":284,"href":"https:\/\/altira.nu\/index.php?rest_route=\/wp\/v2\/pages\/242\/revisions\/284"}],"wp:attachment":[{"href":"https:\/\/altira.nu\/index.php?rest_route=%2Fwp%2Fv2%2Fmedia&parent=242"}],"curies":[{"name":"wp","href":"https:\/\/api.w.org\/{rel}","templated":true}]}}