{"id":122,"date":"2023-04-11T15:41:54","date_gmt":"2023-04-11T13:41:54","guid":{"rendered":"https:\/\/altira.nu\/?page_id=122"},"modified":"2024-03-27T08:19:42","modified_gmt":"2024-03-27T07:19:42","slug":"policy-dansklubben-altira","status":"publish","type":"page","link":"https:\/\/altira.nu\/?page_id=122","title":{"rendered":"Policy f\u00f6r dansklubben Altira"},"content":{"rendered":"\n<p>V\u00e4lkommen till dansklubben Altira &#8211; dansklubben med engagemang f\u00f6r dans, t\u00e4vling, gemenskap och utveckling.<\/p>\n\n\n\n<p>Vi p\u00e5 Altira \u00e4r en hj\u00e4rtlig skara medlemmar som \u00e4lskar att dansa, skapa evenemang, kurser och tr\u00e4ningar, samt delta p\u00e5 t\u00e4vlingar i olika sammanhang och niv\u00e5er. Vi har t\u00e4vlingsdansare fr\u00e5n nyb\u00f6rjare till t\u00e4vlande p\u00e5 nationell och internationell niv\u00e5.<\/p>\n\n\n\n<p>Vi ut\u00f6var danser inom ramen f\u00f6r BRR-danserna, (bugg, boogie woogie, och lindy&nbsp;hop) och erbjuder ett stort utbud av modern fox samt inslag av andra dansstilar.<\/p>\n\n\n\n<p>F\u00f6r oss \u00e4r det viktigt att k\u00e4nna att man utvecklas som dansare och m\u00e4nniska, oavsett p\u00e5 vilken niv\u00e5 man dansar, t\u00e4vlar, tr\u00e4nar, engagerar sig eller umg\u00e5s p\u00e5. Vi \u00e4r en f\u00f6rdomsfri dansklubb d\u00e4r alla \u00e4r lika v\u00e4rda oavsett \u00e5lder, k\u00f6n, etnisk tillh\u00f6righet eller social st\u00e4llning.<\/p>\n\n\n\n<p>V\u00e5r vision \u00e4r att vara en proaktiv klubb som syns ute i samh\u00e4llet och sprider dansgl\u00e4dje till fler i v\u00e5r omgivning.<\/p>\n\n\n\n<p><a><\/a>Vi \u00e4r en ideell f\u00f6rening varf\u00f6r engagemang fr\u00e5n v\u00e5ra medlemmar, styrelse, ledare\/instrukt\u00f6rer och bes\u00f6kare \u00e4r helt avg\u00f6rande f\u00f6r v\u00e5r verksamhet. En verksamhet som \u00e4r ekonomiskt beroende av kurs-, tr\u00e4nings- och medlemsavgifter, samt f\u00f6rs\u00e4ljning av fika och visst utbud av kl\u00e4der.&nbsp;<\/p>\n\n\n\n<p>V\u00e5r policy riktar sig till samtliga inom Altira, det vill s\u00e4ga medlemmar, privat-, t\u00e4vlings- och motionsdansare, styrelse, ledare\/instrukt\u00f6rer och \u00f6vriga bes\u00f6kare, fortsatt ben\u00e4mnd som <em>alla<\/em>. Vi ser \u00e4ven att du tar h\u00e4nsyn till v\u00e5r policy utanf\u00f6r dansklubbens anl\u00e4ggning, till exempel i digitala sociala kanaler.<br><br><\/p>\n\n\n\n<h2 class=\"wp-block-heading\">Syfte<\/h2>\n\n\n\n<p>V\u00e5r policy \u00e4r en v\u00e4gledning f\u00f6r hur vi behandlar varandra och v\u00e5r danslokal, samt vilka skyldigheter som g\u00e4ller f\u00f6r oss. Policyn grundar sig p\u00e5 Altiras ledord och f\u00f6ljer Svenska Danssportsf\u00f6rbundets Riktlinjer.<\/p>\n\n\n\n<p><strong>Ledord<\/strong><\/p>\n\n\n\n<ul class=\"wp-block-list\">\n<li>Dans och gl\u00e4dje<\/li>\n\n\n\n<li>Sammanh\u00e5llning och \u00f6ppenhet<\/li>\n\n\n\n<li>Kommunikation, respekt och utveckling<\/li>\n\n\n\n<li>Kvalitativa kurser och sund ekonomi<\/li>\n<\/ul>\n\n\n\n<p><strong>Vi \u00e4r m\u00e5na om varandra<\/strong><\/p>\n\n\n\n<ul class=\"wp-block-list\">\n<li>Uppmuntra ett kamratligt och positivt s\u00e4tt gentemot varandra, oavsett dansniv\u00e5.<strong><\/strong><\/li>\n\n\n\n<li>Bidra till en positiv anda, kamratskap och trivsel i danslokalen samt i digitala sociala kanaler (till exempel bloggar, Facebook, Instagram, sms och Messenger). <strong><\/strong><\/li>\n<\/ul>\n\n\n\n<p><strong><br><\/strong><\/p>\n\n\n\n<p><strong>V\u00e5ra skyldigheter<\/strong><\/p>\n\n\n\n<ul class=\"wp-block-list\">\n<li>Du delar v\u00e4rderingar som respekt och tolerans f\u00f6r allas v\u00e5ra olikheter. Vi har nolltolerans mot all form av kr\u00e4nkande behandling i danslokalen, p\u00e5 dansgolvet samt i sociala medier (bloggar, Facebook, Instagram, sms och Messenger). <strong><\/strong><\/li>\n\n\n\n<li>Vi har en drog- och dopingsfri milj\u00f6.<strong><\/strong><\/li>\n\n\n\n<li>Anm\u00e4l om n\u00e5got \u00e4r trasigt eller uppkomna risker som beh\u00f6ver \u00e5tg\u00e4rdas, se kontaktv\u00e4g till styrelsen l\u00e4ngre ner. <strong><\/strong><\/li>\n<\/ul>\n\n\n\n<p><strong>V\u00e5rda v\u00e5r danslokal<\/strong><\/p>\n\n\n\n<p>Samverka f\u00f6r en ren och god milj\u00f6:<\/p>\n\n\n\n<ul class=\"wp-block-list\">\n<li>Torrmoppa\/damsug\/sopa golven<\/li>\n\n\n\n<li>Plocka undan efter dig<\/li>\n\n\n\n<li>Fyll\/t\u00f6m diskmaskinen<\/li>\n\n\n\n<li>Torka bord\/b\u00e4nkytor<\/li>\n\n\n\n<li>Fyll p\u00e5 tork- och toalettpapper vid behov<\/li>\n\n\n\n<li>Kaffemaskinen, fyll p\u00e5 kaffe, mj\u00f6lkpulver, choklad, socker och t\u00f6m kaffesump, reng\u00f6r spillbrickan.<\/li>\n\n\n\n<li>Sl\u00e4ng sopor och t\u00f6m pantbeh\u00e5llaren vid behov, sopk\u00e4rl finns utanf\u00f6r entr\u00e9d\u00f6rren och pant l\u00e4ggs i s\u00e4ck, som placeras i st\u00e4dskrubben.<\/li>\n\n\n\n<li>St\u00e4ng n\u00f6dutg\u00e5ngen<\/li>\n\n\n\n<li>St\u00e4ng av musikanl\u00e4ggning och l\u00e5s musiksk\u00e5pen<\/li>\n\n\n\n<li>Sl\u00e4ck lampor<\/li>\n\n\n\n<li>L\u00e5s lokalen samt ytterd\u00f6rr<\/li>\n<\/ul>\n\n\n\n<p><strong>\u00d6vriga riktlinjer och policy<\/strong><\/p>\n\n\n\n<ul class=\"wp-block-list\">\n<li>Medlemmar b\u00f6r inte g\u00f6ra marknadsf\u00f6ring f\u00f6r eget syfte genom Altiras kanaler (tex. marknadsf\u00f6ra f\u00f6retag, s\u00e4lja produkter, promota f\u00f6retag osv.)<\/li>\n<\/ul>\n\n\n\n<ul class=\"wp-block-list\">\n<li>All typ av produktf\u00f6rs\u00e4ljning i klubblokalen eller genom Altiras kanaler m\u00e5ste ha styrelsens godk\u00e4nnande.<\/li>\n<\/ul>\n\n\n\n<ul class=\"wp-block-list\">\n<li>Alla typer av marknadsf\u00f6ring; anslagstavlan, flyers, nyhetsbrev, sociala medier, webbplats etc. b\u00f6r f\u00f6lja Altiras riktlinjer och respektera Altiras varum\u00e4rke\/profil.&nbsp;<\/li>\n<\/ul>\n\n\n\n<ul class=\"wp-block-list\">\n<li>Undvika inom all typ av kommunikation att anv\u00e4nda ev. f\u00f6retags\/privata e-postadresser, samt webbadresser som ligger utanf\u00f6r Altiras verksamhetsomr\u00e5de.&nbsp;<\/li>\n<\/ul>\n\n\n\n<ul class=\"wp-block-list\">\n<li>Alla typer av fr\u00e5gor g\u00e4llande verksamheten, medlemmar och anm\u00e4lningar b\u00f6r h\u00e4nvisas i f\u00f6rsta hand till Altiras webbplats, <a href=\"about:blank\">www.altira.nu<\/a> eller e-post <a href=\"mailto:info@altira.nu\">info@altira.nu<\/a>. Ledare kan ge ut sina telefonnummer om behov finns.&nbsp;<\/li>\n<\/ul>\n\n\n\n<ul class=\"wp-block-list\">\n<li>Texter som skapas f\u00f6r kurser och andra typer av evenemang b\u00f6r f\u00f6lja Altiras riktlinjer.<br><\/li>\n<\/ul>\n\n\n\n<p><strong>Undantag fr\u00e5n ovan ska godk\u00e4nnas av styrelsen.<\/strong><\/p>\n\n\n\n<p><strong>Riktlinjer<\/strong><\/p>\n\n\n\n<p>F\u00f6lja Altiras grafiska profil,anv\u00e4ndaett v\u00e5rdat och begripligt spr\u00e5kbruk via Altirasbest\u00e4mda kontaktv\u00e4gar.<strong>&nbsp;<br><br>Klubbens skyldigheter<\/strong><\/p>\n\n\n\n<ul class=\"wp-block-list\">\n<li>Altira \u00e4r skyldig att aktivt arbeta f\u00f6r att uppr\u00e4tth\u00e5lla en nolltolerans fr\u00e5n all typ av kr\u00e4nkande behandling. L\u00e4mpliga \u00e5tg\u00e4rder b\u00f6r annars vidtas.<\/li>\n<\/ul>\n\n\n\n<ul class=\"wp-block-list\">\n<li>Medlemspolicyn ska vara k\u00e4nd av medlemmar, ledare och styrelse.<\/li>\n<\/ul>\n\n\n\n<ul class=\"wp-block-list\">\n<li>Policyn samt klubbens v\u00e4rderingar ska finnas tillg\u00e4ngliga p\u00e5 Altiras webbplats <a href=\"about:blank\">www.altira.nu<\/a>. Alla kursdeltagare ska f\u00e5 information vid kursstart om var de kan hitta informationen.<br><br><\/li>\n<\/ul>\n\n\n\n<p><strong>Ansvar och uppf\u00f6ljning<\/strong><\/p>\n\n\n\n<ul class=\"wp-block-list\">\n<li>Ansvaret f\u00f6r att dessa regler f\u00f6ljs \u00e4r gemensamt f\u00f6r alla som \u00e4r aktiva inom klubben.<\/li>\n<\/ul>\n\n\n\n<ul class=\"wp-block-list\">\n<li>Ledare och styrelsemedlemmar fungerar som goda f\u00f6rebilder f\u00f6r v\u00e5ra medlemmar.<\/li>\n<\/ul>\n\n\n\n<ul class=\"wp-block-list\">\n<li>Styrelsen och klubbens ledare\/instrukt\u00f6rer \u00e4r ansvariga f\u00f6r att policyn kommuniceras till medlemmar och andra, samt att den f\u00f6ljs upp.<\/li>\n<\/ul>\n\n\n\n<ul class=\"wp-block-list\">\n<li>Styrelsen ansvarar f\u00f6r att h\u00e5lla policyn uppdaterad. Aktuell policy finns p\u00e5 f\u00f6reningens webbplats, <a href=\"about:blank\">www.altira.nu<\/a>.<\/li>\n<\/ul>\n\n\n\n<p><br><strong>Om medlemspolicyn eller stadgarna inte f\u00f6ljs<\/strong><\/p>\n\n\n\n<ul class=\"wp-block-list\">\n<li>Vid konflikter eller om medlemspolicyn inte f\u00f6ljs, ska det tas upp med ber\u00f6rd person. I f\u00f6rsta hand av den n\u00e4rmaste f\u00f6retr\u00e4daren i situationen d\u00e4r konflikten uppst\u00e5r. Kan inte konflikten l\u00f6sas har klubbens f\u00f6retr\u00e4dare r\u00e4tt att varna och\/eller avhysa personen fr\u00e5n klubbens lokaler.<\/li>\n<\/ul>\n\n\n\n<ul class=\"wp-block-list\">\n<li>H\u00e4ndelsen rapporteras alltid till styrelsen. Klubben f\u00f6rs\u00f6ker s\u00e5 l\u00e5ngt det \u00e4r m\u00f6jligt att l\u00f6sa uppkomna problem eller konflikter genom samtal och med respekt f\u00f6r de som ber\u00f6rs.<\/li>\n<\/ul>\n\n\n\n<ul class=\"wp-block-list\">\n<li>Om konflikten\/problemet inte kan l\u00f6sas, kan styrelsen, som en sista utv\u00e4g besluta om att utesluta medlemmar.&nbsp;<\/li>\n<\/ul>\n\n\n\n<p><strong>Kontakt<\/strong><br>Vid fr\u00e5gor kring medlemspolicyn, stadgar, bidrag till f\u00f6rb\u00e4ttringar, anm\u00e4lan om \u00e5tg\u00e4rder, kontakta styrelsen.<\/p>\n\n\n\n<p>Uppst\u00e5r problem under en kurs eller ett event kontakta kursledare, instrukt\u00f6rer, arrang\u00f6rer f\u00f6r event, samt representanter fr\u00e5n styrelsen vid behov.<\/p>\n\n\n\n<p>Mailkontakt styrelsen: <a href=\"about:blank\">styrelsen@altira.nu<\/a> <\/p>\n\n\n\n<p>Sundsvall 2024-03-25<br><\/p>\n","protected":false},"excerpt":{"rendered":"<p>V\u00e4lkommen till dansklubben Altira &#8211; dansklubben med engagemang f\u00f6r dans, t\u00e4vling, gemenskap och utveckling. Vi p\u00e5 Altira \u00e4r en hj\u00e4rtlig skara medlemmar som \u00e4lskar att dansa, skapa evenemang, kurser och tr\u00e4ningar, samt delta p\u00e5 t\u00e4vlingar i olika sammanhang och niv\u00e5er. Vi har t\u00e4vlingsdansare fr\u00e5n nyb\u00f6rjare till t\u00e4vlande p\u00e5 nationell och internationell niv\u00e5. Vi ut\u00f6var danser &hellip; <a href=\"https:\/\/altira.nu\/?page_id=122\" class=\"more-link\">Forts\u00e4tt l\u00e4sa<span class=\"screen-reader-text\"> \u201dPolicy f\u00f6r dansklubben Altira\u201d<\/span><\/a><\/p>\n","protected":false},"author":2,"featured_media":0,"parent":0,"menu_order":0,"comment_status":"closed","ping_status":"closed","template":"","meta":{"footnotes":""},"class_list":["post-122","page","type-page","status-publish","hentry"],"yoast_head":"<!-- This site is optimized with the Yoast SEO plugin v22.8 - https:\/\/yoast.com\/wordpress\/plugins\/seo\/ -->\n<title>Policy f\u00f6r dansklubben Altira - Dansklubben Altira<\/title>\n<meta name=\"robots\" content=\"index, follow, max-snippet:-1, max-image-preview:large, max-video-preview:-1\" \/>\n<link rel=\"canonical\" href=\"https:\/\/altira.nu\/?page_id=122\" \/>\n<meta property=\"og:locale\" content=\"sv_SE\" \/>\n<meta property=\"og:type\" content=\"article\" \/>\n<meta property=\"og:title\" content=\"Policy f\u00f6r dansklubben Altira - Dansklubben Altira\" \/>\n<meta property=\"og:description\" content=\"V\u00e4lkommen till dansklubben Altira &#8211; dansklubben med engagemang f\u00f6r dans, t\u00e4vling, gemenskap och utveckling. Vi p\u00e5 Altira \u00e4r en hj\u00e4rtlig skara medlemmar som \u00e4lskar att dansa, skapa evenemang, kurser och tr\u00e4ningar, samt delta p\u00e5 t\u00e4vlingar i olika sammanhang och niv\u00e5er. Vi har t\u00e4vlingsdansare fr\u00e5n nyb\u00f6rjare till t\u00e4vlande p\u00e5 nationell och internationell niv\u00e5. Vi ut\u00f6var danser &hellip; Forts\u00e4tt l\u00e4sa \u201dPolicy f\u00f6r dansklubben Altira\u201d\" \/>\n<meta property=\"og:url\" content=\"https:\/\/altira.nu\/?page_id=122\" \/>\n<meta property=\"og:site_name\" content=\"Dansklubben Altira\" \/>\n<meta property=\"article:modified_time\" content=\"2024-03-27T07:19:42+00:00\" \/>\n<meta name=\"twitter:card\" content=\"summary_large_image\" \/>\n<meta name=\"twitter:label1\" content=\"Ber\u00e4knad l\u00e4stid\" \/>\n\t<meta name=\"twitter:data1\" content=\"5 minuter\" \/>\n<script type=\"application\/ld+json\" class=\"yoast-schema-graph\">{\"@context\":\"https:\/\/schema.org\",\"@graph\":[{\"@type\":\"WebPage\",\"@id\":\"https:\/\/altira.nu\/?page_id=122\",\"url\":\"https:\/\/altira.nu\/?page_id=122\",\"name\":\"Policy f\u00f6r dansklubben Altira - Dansklubben Altira\",\"isPartOf\":{\"@id\":\"https:\/\/altira.nu\/#website\"},\"datePublished\":\"2023-04-11T13:41:54+00:00\",\"dateModified\":\"2024-03-27T07:19:42+00:00\",\"breadcrumb\":{\"@id\":\"https:\/\/altira.nu\/?page_id=122#breadcrumb\"},\"inLanguage\":\"sv-SE\",\"potentialAction\":[{\"@type\":\"ReadAction\",\"target\":[\"https:\/\/altira.nu\/?page_id=122\"]}]},{\"@type\":\"BreadcrumbList\",\"@id\":\"https:\/\/altira.nu\/?page_id=122#breadcrumb\",\"itemListElement\":[{\"@type\":\"ListItem\",\"position\":1,\"name\":\"Home\",\"item\":\"https:\/\/altira.nu\/\"},{\"@type\":\"ListItem\",\"position\":2,\"name\":\"Policy f\u00f6r dansklubben Altira\"}]},{\"@type\":\"WebSite\",\"@id\":\"https:\/\/altira.nu\/#website\",\"url\":\"https:\/\/altira.nu\/\",\"name\":\"Dansklubben Altira\",\"description\":\"\",\"potentialAction\":[{\"@type\":\"SearchAction\",\"target\":{\"@type\":\"EntryPoint\",\"urlTemplate\":\"https:\/\/altira.nu\/?s={search_term_string}\"},\"query-input\":\"required name=search_term_string\"}],\"inLanguage\":\"sv-SE\"}]}<\/script>\n<!-- \/ Yoast SEO plugin. -->","yoast_head_json":{"title":"Policy f\u00f6r dansklubben Altira - Dansklubben Altira","robots":{"index":"index","follow":"follow","max-snippet":"max-snippet:-1","max-image-preview":"max-image-preview:large","max-video-preview":"max-video-preview:-1"},"canonical":"https:\/\/altira.nu\/?page_id=122","og_locale":"sv_SE","og_type":"article","og_title":"Policy f\u00f6r dansklubben Altira - Dansklubben Altira","og_description":"V\u00e4lkommen till dansklubben Altira &#8211; dansklubben med engagemang f\u00f6r dans, t\u00e4vling, gemenskap och utveckling. Vi p\u00e5 Altira \u00e4r en hj\u00e4rtlig skara medlemmar som \u00e4lskar att dansa, skapa evenemang, kurser och tr\u00e4ningar, samt delta p\u00e5 t\u00e4vlingar i olika sammanhang och niv\u00e5er. Vi har t\u00e4vlingsdansare fr\u00e5n nyb\u00f6rjare till t\u00e4vlande p\u00e5 nationell och internationell niv\u00e5. Vi ut\u00f6var danser &hellip; Forts\u00e4tt l\u00e4sa \u201dPolicy f\u00f6r dansklubben Altira\u201d","og_url":"https:\/\/altira.nu\/?page_id=122","og_site_name":"Dansklubben Altira","article_modified_time":"2024-03-27T07:19:42+00:00","twitter_card":"summary_large_image","twitter_misc":{"Ber\u00e4knad l\u00e4stid":"5 minuter"},"schema":{"@context":"https:\/\/schema.org","@graph":[{"@type":"WebPage","@id":"https:\/\/altira.nu\/?page_id=122","url":"https:\/\/altira.nu\/?page_id=122","name":"Policy f\u00f6r dansklubben Altira - Dansklubben Altira","isPartOf":{"@id":"https:\/\/altira.nu\/#website"},"datePublished":"2023-04-11T13:41:54+00:00","dateModified":"2024-03-27T07:19:42+00:00","breadcrumb":{"@id":"https:\/\/altira.nu\/?page_id=122#breadcrumb"},"inLanguage":"sv-SE","potentialAction":[{"@type":"ReadAction","target":["https:\/\/altira.nu\/?page_id=122"]}]},{"@type":"BreadcrumbList","@id":"https:\/\/altira.nu\/?page_id=122#breadcrumb","itemListElement":[{"@type":"ListItem","position":1,"name":"Home","item":"https:\/\/altira.nu\/"},{"@type":"ListItem","position":2,"name":"Policy f\u00f6r dansklubben Altira"}]},{"@type":"WebSite","@id":"https:\/\/altira.nu\/#website","url":"https:\/\/altira.nu\/","name":"Dansklubben Altira","description":"","potentialAction":[{"@type":"SearchAction","target":{"@type":"EntryPoint","urlTemplate":"https:\/\/altira.nu\/?s={search_term_string}"},"query-input":"required name=search_term_string"}],"inLanguage":"sv-SE"}]}},"_links":{"self":[{"href":"https:\/\/altira.nu\/index.php?rest_route=\/wp\/v2\/pages\/122","targetHints":{"allow":["GET"]}}],"collection":[{"href":"https:\/\/altira.nu\/index.php?rest_route=\/wp\/v2\/pages"}],"about":[{"href":"https:\/\/altira.nu\/index.php?rest_route=\/wp\/v2\/types\/page"}],"author":[{"embeddable":true,"href":"https:\/\/altira.nu\/index.php?rest_route=\/wp\/v2\/users\/2"}],"replies":[{"embeddable":true,"href":"https:\/\/altira.nu\/index.php?rest_route=%2Fwp%2Fv2%2Fcomments&post=122"}],"version-history":[{"count":5,"href":"https:\/\/altira.nu\/index.php?rest_route=\/wp\/v2\/pages\/122\/revisions"}],"predecessor-version":[{"id":276,"href":"https:\/\/altira.nu\/index.php?rest_route=\/wp\/v2\/pages\/122\/revisions\/276"}],"wp:attachment":[{"href":"https:\/\/altira.nu\/index.php?rest_route=%2Fwp%2Fv2%2Fmedia&parent=122"}],"curies":[{"name":"wp","href":"https:\/\/api.w.org\/{rel}","templated":true}]}}